{"id":76,"date":"2006-11-06T22:29:58","date_gmt":"2006-11-06T20:29:58","guid":{"rendered":"http:\/\/digipaed.de\/cms\/?page_id=76"},"modified":"2020-04-19T12:47:06","modified_gmt":"2020-04-19T10:47:06","slug":"medienproduktion","status":"publish","type":"page","link":"http:\/\/digipaed.de\/cms\/?page_id=76","title":{"rendered":"Medienproduktion"},"content":{"rendered":"\t\t<div data-elementor-type=\"wp-page\" data-elementor-id=\"76\" class=\"elementor elementor-76\">\n\t\t\t\t\t\t<section class=\"elementor-section elementor-top-section elementor-element elementor-element-3f658c01 elementor-section-boxed elementor-section-height-default elementor-section-height-default\" data-id=\"3f658c01\" data-element_type=\"section\">\n\t\t\t\t\t\t<div class=\"elementor-container elementor-column-gap-default\">\n\t\t\t\t\t<div class=\"elementor-column elementor-col-100 elementor-top-column elementor-element elementor-element-22606897\" data-id=\"22606897\" data-element_type=\"column\">\n\t\t\t<div class=\"elementor-widget-wrap elementor-element-populated\">\n\t\t\t\t\t\t<div class=\"elementor-element elementor-element-3a732d8e elementor-widget elementor-widget-text-editor\" data-id=\"3a732d8e\" data-element_type=\"widget\" data-widget_type=\"text-editor.default\">\n\t\t\t\t<div class=\"elementor-widget-container\">\n\t\t\t\t\t\t\tIm Bereich der Medienproduktion entwickeln wir auf Wunsch gemeinsam mit Ihnen das passende Zielmedium. Hierbei ber\u00fccksichtigen wir Zielgruppe, Medienform und Etat der Produktion.\n\nBesonders gut gefallen uns Produktionen, bei dem die Zielgruppe als Darsteller oder Produzenten mit einbezogen werden.\n<ul>\n \t<li>Videoproduktion: Schulungsvideo und Trailer<\/li>\n \t<li>Spots f\u00fcr elektronische Werbetafeln<\/li>\n \t<li>professionelles DVD-Authoring<\/li>\n \t<li>interaktive Multimediaanwendungen<\/li>\n \t<li>Webplattformen f\u00fcr p\u00e4dagogische Projektarbeit<\/li>\n \t<li>Planung von Medienr\u00e4umen<\/li>\n \t<li>Einkauf und Installation der Medientechnik<\/li>\n<\/ul>\t\t\t\t\t\t<\/div>\n\t\t\t\t<\/div>\n\t\t\t\t\t<\/div>\n\t\t<\/div>\n\t\t\t\t\t<\/div>\n\t\t<\/section>\n\t\t\t\t<section class=\"elementor-section elementor-top-section elementor-element elementor-element-4a3627f elementor-section-boxed elementor-section-height-default elementor-section-height-default\" data-id=\"4a3627f\" data-element_type=\"section\">\n\t\t\t\t\t\t<div class=\"elementor-container elementor-column-gap-default\">\n\t\t\t\t\t<div class=\"elementor-column elementor-col-100 elementor-top-column elementor-element elementor-element-170fd82\" data-id=\"170fd82\" data-element_type=\"column\">\n\t\t\t<div class=\"elementor-widget-wrap elementor-element-populated\">\n\t\t\t\t\t\t<div class=\"elementor-element elementor-element-d500a91 elementor-widget elementor-widget-image\" data-id=\"d500a91\" data-element_type=\"widget\" data-widget_type=\"image.default\">\n\t\t\t\t<div class=\"elementor-widget-container\">\n\t\t\t\t\t\t\t\t\t\t\t\t\t<img fetchpriority=\"high\" decoding=\"async\" width=\"604\" height=\"340\" src=\"http:\/\/digipaed.de\/cms\/wp-content\/uploads\/2020\/04\/video-2562034_1920-1024x576.jpg\" class=\"attachment-large size-large wp-image-1609\" alt=\"\" srcset=\"http:\/\/digipaed.de\/cms\/wp-content\/uploads\/2020\/04\/video-2562034_1920-1024x576.jpg 1024w, http:\/\/digipaed.de\/cms\/wp-content\/uploads\/2020\/04\/video-2562034_1920-300x169.jpg 300w, http:\/\/digipaed.de\/cms\/wp-content\/uploads\/2020\/04\/video-2562034_1920-768x432.jpg 768w, http:\/\/digipaed.de\/cms\/wp-content\/uploads\/2020\/04\/video-2562034_1920-1536x864.jpg 1536w, http:\/\/digipaed.de\/cms\/wp-content\/uploads\/2020\/04\/video-2562034_1920.jpg 1920w\" sizes=\"(max-width: 604px) 100vw, 604px\" \/>\t\t\t\t\t\t\t\t\t\t\t\t\t<\/div>\n\t\t\t\t<\/div>\n\t\t\t\t\t<\/div>\n\t\t<\/div>\n\t\t\t\t\t<\/div>\n\t\t<\/section>\n\t\t\t\t<\/div>\n\t\t","protected":false},"excerpt":{"rendered":"<p>Im Bereich der Medienproduktion entwickeln wir auf Wunsch gemeinsam mit Ihnen das passende Zielmedium. Hierbei ber\u00fccksichtigen wir Zielgruppe, Medienform und Etat der Produktion. Besonders gut gefallen uns Produktionen, bei dem die Zielgruppe als Darsteller oder Produzenten mit einbezogen werden. Videoproduktion: Schulungsvideo und Trailer Spots f\u00fcr elektronische Werbetafeln professionelles DVD-Authoring interaktive Multimediaanwendungen Webplattformen f\u00fcr p\u00e4dagogische Projektarbeit &hellip; <a href=\"http:\/\/digipaed.de\/cms\/?page_id=76\" class=\"more-link\"><span class=\"screen-reader-text\">Medienproduktion<\/span> weiterlesen <span class=\"meta-nav\">&rarr;<\/span><\/a><\/p>\n","protected":false},"author":15,"featured_media":0,"parent":28,"menu_order":0,"comment_status":"closed","ping_status":"closed","template":"","meta":{"footnotes":""},"class_list":["post-76","page","type-page","status-publish","hentry"],"_links":{"self":[{"href":"http:\/\/digipaed.de\/cms\/index.php?rest_route=\/wp\/v2\/pages\/76"}],"collection":[{"href":"http:\/\/digipaed.de\/cms\/index.php?rest_route=\/wp\/v2\/pages"}],"about":[{"href":"http:\/\/digipaed.de\/cms\/index.php?rest_route=\/wp\/v2\/types\/page"}],"author":[{"embeddable":true,"href":"http:\/\/digipaed.de\/cms\/index.php?rest_route=\/wp\/v2\/users\/15"}],"replies":[{"embeddable":true,"href":"http:\/\/digipaed.de\/cms\/index.php?rest_route=%2Fwp%2Fv2%2Fcomments&post=76"}],"version-history":[{"count":5,"href":"http:\/\/digipaed.de\/cms\/index.php?rest_route=\/wp\/v2\/pages\/76\/revisions"}],"predecessor-version":[{"id":1622,"href":"http:\/\/digipaed.de\/cms\/index.php?rest_route=\/wp\/v2\/pages\/76\/revisions\/1622"}],"up":[{"embeddable":true,"href":"http:\/\/digipaed.de\/cms\/index.php?rest_route=\/wp\/v2\/pages\/28"}],"wp:attachment":[{"href":"http:\/\/digipaed.de\/cms\/index.php?rest_route=%2Fwp%2Fv2%2Fmedia&parent=76"}],"curies":[{"name":"wp","href":"https:\/\/api.w.org\/{rel}","templated":true}]}}