{"id":59,"date":"2006-10-24T21:14:46","date_gmt":"2006-10-24T19:14:46","guid":{"rendered":"http:\/\/digipaed.de\/cms\/?page_id=59"},"modified":"2020-04-19T04:00:15","modified_gmt":"2020-04-19T02:00:15","slug":"filmproduktionen","status":"publish","type":"page","link":"http:\/\/digipaed.de\/cms\/?page_id=59","title":{"rendered":"Filmproduktionen"},"content":{"rendered":"<p>Mit der Kamera unterwegs &#8211; Kinder entdecken Paul Maar <img decoding=\"async\" class=\"alignleft\" src=\"http:\/\/digipaed.de\/cms\/wp-content\/uploads\/2006\/10\/paulmaar1.jpg\" alt=\"Filmproduktion: \" align=\"left\" \/>In Zusammenarbeit mit der WDR-Redakteurin Evelyn Derenthal entwarfen wir eine &#8222;Sondersendung \u00fcber den Kinderbuchautor Paul Maar&#8220;. Es enstand eine unterhaltsame 2o-min\u00fctige DVD, in dem die Moderatorin Hanna und ihr schrulliger Studiogast Professor Dill alles \u00fcber den Autor und seine B\u00fccher vorstellen. W\u00e4hrend einer Lesung konnten die Kinder Paul live erleben und nat\u00fcrlich mit ihren Fragen l\u00f6chern. Die Kinder haben bei der Umsetzung des Filmes neben Drehbuch und Schauspiel auch Kamera-, Ton- und Lichttechnik bei der Filmproduktion kennengelernt und selbst angewendet.<\/p>\n<p>Weitere Beispiele (Auswahl):<\/p>\n<ul>\n<li>&#8222;Paradiesfabrik&#8220; &#8211; Jugendfilmprojekt \u00fcber Gl\u00fcck und das Paradies (2019)<\/li>\n<li>&#8222;digital natives&#8220; &#8211; Ein Film \u00fcber das Aufwachsen in Zeiten von Siri, Alexa &amp; Co (2018)<\/li>\n<li>&#8222;voice.&#8220; &#8211; Konzeption , Dreh, Schnitt und Vertonung 7 biografischer Kurzfilme zum Thema sexueller Missbrauch in Sportstrukturen in Europa (2018\/19)<\/li>\n<li>Liveberichterstattung und Videoproduktion f\u00fcr das Team der Duisburger F\u00fcchse aus der 3. Eishockeyliga \/ Aufzeichnung, (Live)schnitt und YT, (2014-2019)<\/li>\n<li>&#8222;Roadmovie&#8220; &#8211; Ein Jugendfilmprojekt \u00fcber kulturelle Bildung (2013)<\/li>\n<li>Ein Gartenprojekt f\u00fcr Menschen mit Demenz &#8211; Dokumentation (2013)<\/li>\n<li>&#8222;Kick it and share it like Beckham&#8220; &#8211; Jugendvideoprojekt &#8211; inszenierte Tricksequenzen, dokumentarische Reflexion (2013)<\/li>\n<li>&#8222;Du entscheidest&#8220; szenisch inszenierter Lehrfilm f\u00fcr den Getr\u00e4nkehandel zum Thema Alkoholausgabe an Jugendliche (2012)<\/li>\n<li>Lesen nervt! 10 Trailer zum Lesen &#8211; Schulvideoprojekt (2011)<\/li>\n<li>1 Trailer und 3 Featurebeitr\u00e4ge f\u00fcr die Frauenfussball WM 2011 (2010)<\/li>\n<li>\u201eGet Tuned up by the Tone\u201c Preistr\u00e4ger beim WDR Wettbewerb &#8222;Soundbilder (2009)<\/li>\n<li>Und \u00fcber der Erde soll ein Himmel entstehen &#8211; Filmprojekt mit Sch\u00fclern (Jahrgangsstufe 5) f\u00fcr die Altana Kultur Stiftung an der Europa Schule in K\u00f6ln (2009)<\/li>\n<li>(S)explaine Love &#8211; Produktion von 5 Kurzfilmen mit Sch\u00fclern f\u00fcr das Schulprogramm des WDR K\u00f6ln (2009)<\/li>\n<li>Lesen nervt! 3 Trailer zum Lesen &#8211; Schulvideoprojekt (2008)<\/li>\n<li>Hip Hop &#8211; Dokumentation \u00fcber das HipHop Netzwerk Nippes (2008)<\/li>\n<li>180 Grad &#8211; Urauff\u00fchrung des Tanzprojektes der LAG Tanz in Schulen NRW (2008)<\/li>\n<li>Zukunftstr\u00e4ume &#8211; Schulvideoprojekt (2007)<\/li>\n<li>Handy hoch! &#8211; Schulvideoprojekt (2007)<\/li>\n<li>&#8222;Just Freestyle&#8220; &#8211; Imagefilm f\u00fcr die Jugendbibliothek Giesenkirchen (2007)<\/li>\n<li>Traumboy &#8211; Schulvideoprojekt (2006)<\/li>\n<li>Trickfilmtrailer f\u00fcr den Kinderbereich der Kurzfilmtage Oberhausen &#8211; Trailer (2006)<\/li>\n<li>Werbespot f\u00fcr Infoscreen (2006 &amp; 2007)<\/li>\n<li>Mit der Kamera unterwegs &#8211; Lesepate immer und \u00fcberall &#8211; Imagefilm f\u00fcr die Stadtb\u00fcchereien D\u00fcsseldorf\u00a0(2006)<\/li>\n<li>Mit der Kamera unterwegs &#8211; D\u00fcsseldorf liest vor &#8211; Imagefilm f\u00fcr die Stadtb\u00fcchereien D\u00fcsseldorf (2005)<\/li>\n<li>Schule aus Kindersicht &#8211; Dokumentation (2005)<\/li>\n<li>Falscher Verdacht &#8211; Jugendvideoprojekt (2004)<\/li>\n<li>Mein gewaltiger Alltag &#8211; Schulvideoprojekt (2002)<\/li>\n<li>Schokoladien &#8211; Kindermusical (2001)<\/li>\n<\/ul>\n","protected":false},"excerpt":{"rendered":"<p>Mit der Kamera unterwegs &#8211; Kinder entdecken Paul Maar In Zusammenarbeit mit der WDR-Redakteurin Evelyn Derenthal entwarfen wir eine &#8222;Sondersendung \u00fcber den Kinderbuchautor Paul Maar&#8220;. Es enstand eine unterhaltsame 2o-min\u00fctige DVD, in dem die Moderatorin Hanna und ihr schrulliger Studiogast Professor Dill alles \u00fcber den Autor und seine B\u00fccher vorstellen. W\u00e4hrend einer Lesung konnten die &hellip; <a href=\"http:\/\/digipaed.de\/cms\/?page_id=59\" class=\"more-link\"><span class=\"screen-reader-text\">Filmproduktionen<\/span> weiterlesen <span class=\"meta-nav\">&rarr;<\/span><\/a><\/p>\n","protected":false},"author":15,"featured_media":0,"parent":5,"menu_order":0,"comment_status":"closed","ping_status":"closed","template":"","meta":{"footnotes":""},"class_list":["post-59","page","type-page","status-publish","hentry"],"_links":{"self":[{"href":"http:\/\/digipaed.de\/cms\/index.php?rest_route=\/wp\/v2\/pages\/59"}],"collection":[{"href":"http:\/\/digipaed.de\/cms\/index.php?rest_route=\/wp\/v2\/pages"}],"about":[{"href":"http:\/\/digipaed.de\/cms\/index.php?rest_route=\/wp\/v2\/types\/page"}],"author":[{"embeddable":true,"href":"http:\/\/digipaed.de\/cms\/index.php?rest_route=\/wp\/v2\/users\/15"}],"replies":[{"embeddable":true,"href":"http:\/\/digipaed.de\/cms\/index.php?rest_route=%2Fwp%2Fv2%2Fcomments&post=59"}],"version-history":[{"count":10,"href":"http:\/\/digipaed.de\/cms\/index.php?rest_route=\/wp\/v2\/pages\/59\/revisions"}],"predecessor-version":[{"id":1608,"href":"http:\/\/digipaed.de\/cms\/index.php?rest_route=\/wp\/v2\/pages\/59\/revisions\/1608"}],"up":[{"embeddable":true,"href":"http:\/\/digipaed.de\/cms\/index.php?rest_route=\/wp\/v2\/pages\/5"}],"wp:attachment":[{"href":"http:\/\/digipaed.de\/cms\/index.php?rest_route=%2Fwp%2Fv2%2Fmedia&parent=59"}],"curies":[{"name":"wp","href":"https:\/\/api.w.org\/{rel}","templated":true}]}}