{"id":5,"date":"2005-10-11T17:23:27","date_gmt":"2005-10-11T15:23:27","guid":{"rendered":"http:\/\/digipaed.de\/cms\/?page_id=5"},"modified":"2020-04-18T22:23:46","modified_gmt":"2020-04-18T20:23:46","slug":"referenzen","status":"publish","type":"page","link":"http:\/\/digipaed.de\/cms\/?page_id=5","title":{"rendered":"Referenzen"},"content":{"rendered":"<p>An dieser Stelle finden Sie eine Auswahl an Kunden, f\u00fcr die digipaed multimedia workshops t\u00e4tig war oder ist. Konkrete Beispiele f\u00fcr das Leistungsspektrum von digipaed multimedia workshops finden Sie unter &#8222;Ausstattungskonzept&#8220; &#8222;Filmproduktion&#8220; oder &#8222;Internetprojekte&#8220;.<br \/>\nEin \u00dcberblick \u00fcber aktuelle Projekte erhalten Sie unter dem Men\u00fcpunkt &#8222;Workshops&#8220;.<\/p>\n<p>Kundenreferenzen:<\/p>\n<p>action concept Film- und Stuntproduktion GmbH<br \/>\nAkademie Remscheid<br \/>\nAkki e.V.<br \/>\nArbeitnehmerzentrum K\u00f6nigswinter<br \/>\nAkademie Deutsche Pop<br \/>\nBundesverband Tanz in Schulen e.V.<br \/>\nBundeszentrale f\u00fcr gesundheitliche Aufkl\u00e4rung (BZgA)<br \/>\nCarasana Videoproduktion K\u00f6ln<br \/>\nDrogenhilfe K\u00f6ln<br \/>\n<span style=\"font-size: inherit;\">Deutsche Sporthochschule K\u00f6ln<br \/>\n<\/span>Fachhochschule K\u00f6ln<br \/>\nFachhochschule Bremen<br \/>\nFilmothek der Jugend NRW<br \/>\nF\u00fcchse Duisburg GmbH<br \/>\nIJAB &#8211; Fachstelle f\u00fcr Internationaler Jugendarbeit der Bundesrepublik<br \/>\nInnenministerium des Landes NRW<br \/>\nIn Via e.V. K\u00f6ln<br \/>\nJFC Medienzentrum K\u00f6ln e.V.<br \/>\nJugendamt der Stadt Bonn<br \/>\nJugendamt der Stadt Dormagen<br \/>\nJugendamt der Stadt D\u00fcsseldorf<br \/>\nJugendamt der Stadt K\u00f6ln<br \/>\nJugendamt der Stadt Rheine<br \/>\nKenston Pension GmbH<br \/>\nKulturamt der Stadt Neuss<br \/>\nK\u00f6lner Appell gegen Rassismus e.V.<br \/>\nLandesarbeitsgemeinschaft Jungenarbeit NRW e.V.<br \/>\nLea e.V. &#8211; Lebensqualit\u00e4t im Alter e.V.<br \/>\nLebendige Bibliothek Bottrop<br \/>\nLiteraturb\u00fcros NRW e.V.<br \/>\nLandessportbund NRW<br \/>\nLVR &#8211; Dezernat Kinder, Jugend und Familie &#8211; LVR-Landesjugendamt<br \/>\nLVR &#8211; Zentrum f\u00fcr Medien und Bildung<br \/>\nMark-Steffen G\u00f6wecke \/ Fotogafie \/ Video \/ Panaorama<br \/>\nMedienzentrum Rheinland<br \/>\nNRW Landesb\u00fcro Tanz<br \/>\nPlattform kulturelle Bildung &#8211; Brandenburg<br \/>\nSKM Rheydt e.V.<br \/>\nStadtb\u00fcchereien D\u00fcsseldorf<br \/>\nStadtbibliothek Krefeld<br \/>\nStadtbibliothek K\u00f6ln<br \/>\nStadtbibliothek M\u00f6nchengladbach<br \/>\nStadtbibliothek Neuss<br \/>\nStiftung Zollverein<br \/>\nTHE STORE DESIGNERS \u00ae<br \/>\nTransfer e.V.<br \/>\nUniversit\u00e4t zu K\u00f6ln<br \/>\nWeiterbildungskolleg M\u00f6nchengladbach<\/p>\n","protected":false},"excerpt":{"rendered":"<p>An dieser Stelle finden Sie eine Auswahl an Kunden, f\u00fcr die digipaed multimedia workshops t\u00e4tig war oder ist. Konkrete Beispiele f\u00fcr das Leistungsspektrum von digipaed multimedia workshops finden Sie unter &#8222;Ausstattungskonzept&#8220; &#8222;Filmproduktion&#8220; oder &#8222;Internetprojekte&#8220;. Ein \u00dcberblick \u00fcber aktuelle Projekte erhalten Sie unter dem Men\u00fcpunkt &#8222;Workshops&#8220;. Kundenreferenzen: action concept Film- und Stuntproduktion GmbH Akademie Remscheid Akki &hellip; <a href=\"http:\/\/digipaed.de\/cms\/?page_id=5\" class=\"more-link\"><span class=\"screen-reader-text\">Referenzen<\/span> weiterlesen <span class=\"meta-nav\">&rarr;<\/span><\/a><\/p>\n","protected":false},"author":15,"featured_media":0,"parent":0,"menu_order":3,"comment_status":"closed","ping_status":"closed","template":"","meta":{"footnotes":""},"class_list":["post-5","page","type-page","status-publish","hentry"],"_links":{"self":[{"href":"http:\/\/digipaed.de\/cms\/index.php?rest_route=\/wp\/v2\/pages\/5"}],"collection":[{"href":"http:\/\/digipaed.de\/cms\/index.php?rest_route=\/wp\/v2\/pages"}],"about":[{"href":"http:\/\/digipaed.de\/cms\/index.php?rest_route=\/wp\/v2\/types\/page"}],"author":[{"embeddable":true,"href":"http:\/\/digipaed.de\/cms\/index.php?rest_route=\/wp\/v2\/users\/15"}],"replies":[{"embeddable":true,"href":"http:\/\/digipaed.de\/cms\/index.php?rest_route=%2Fwp%2Fv2%2Fcomments&post=5"}],"version-history":[{"count":10,"href":"http:\/\/digipaed.de\/cms\/index.php?rest_route=\/wp\/v2\/pages\/5\/revisions"}],"predecessor-version":[{"id":496,"href":"http:\/\/digipaed.de\/cms\/index.php?rest_route=\/wp\/v2\/pages\/5\/revisions\/496"}],"wp:attachment":[{"href":"http:\/\/digipaed.de\/cms\/index.php?rest_route=%2Fwp%2Fv2%2Fmedia&parent=5"}],"curies":[{"name":"wp","href":"https:\/\/api.w.org\/{rel}","templated":true}]}}