{"id":44,"date":"2006-09-15T21:42:55","date_gmt":"2006-09-15T19:42:55","guid":{"rendered":"http:\/\/digipaed.de\/cms\/?page_id=44"},"modified":"2006-10-24T21:21:16","modified_gmt":"2006-10-24T19:21:16","slug":"videoblog","status":"publish","type":"page","link":"http:\/\/digipaed.de\/cms\/?page_id=44","title":{"rendered":"Internetprojekte"},"content":{"rendered":"<p>Projektweblog: Mit Konfliktern leben lernen<\/p>\n<p><img decoding=\"async\" height=\"96\" alt=\"Mit Konflikten leben lernen\" src=\"http:\/\/digipaed.de\/cms\/wp-content\/uploads\/2006\/10\/teaser_mkll.jpg\" align=\"left\" \/>digipaed \u00fcbernahm die Konzeption, Programmierung und Mitarbeiterschulung f\u00fcr ein einfach zu bedienendes Content Management System. Mit Hilfe des Systems k\u00f6nnen die p\u00e4dagogischen Mitarbeiter und teilnehmende Jugendliche gemeinsam an der Projektwebseite arbeiten.<\/p>\n<p>Hierbei wurde auf eine einfache Bedienung Wert gelegt, die dennoch den komplexen Anforderungen des Projektzieles Rechnung tr\u00e4gt. Userverwaltung mit unterschiedlichen Rechten; m\u00f6glichst selbstbestimmtes Arbeiten der Jugendlichen; einfach zu pflegendes Newssystem und die M\u00f6glichkeit, das Projekt ohne weitere Kosten zu pflegen.<\/p>\n","protected":false},"excerpt":{"rendered":"<p>Projektweblog: Mit Konfliktern leben lernen digipaed \u00fcbernahm die Konzeption, Programmierung und Mitarbeiterschulung f\u00fcr ein einfach zu bedienendes Content Management System. Mit Hilfe des Systems k\u00f6nnen die p\u00e4dagogischen Mitarbeiter und teilnehmende Jugendliche gemeinsam an der Projektwebseite arbeiten. Hierbei wurde auf eine einfache Bedienung Wert gelegt, die dennoch den komplexen Anforderungen des Projektzieles Rechnung tr\u00e4gt. Userverwaltung mit &hellip; <a href=\"http:\/\/digipaed.de\/cms\/?page_id=44\" class=\"more-link\"><span class=\"screen-reader-text\">Internetprojekte<\/span> weiterlesen <span class=\"meta-nav\">&rarr;<\/span><\/a><\/p>\n","protected":false},"author":15,"featured_media":0,"parent":5,"menu_order":0,"comment_status":"closed","ping_status":"closed","template":"","meta":{"footnotes":""},"class_list":["post-44","page","type-page","status-publish","hentry"],"_links":{"self":[{"href":"http:\/\/digipaed.de\/cms\/index.php?rest_route=\/wp\/v2\/pages\/44"}],"collection":[{"href":"http:\/\/digipaed.de\/cms\/index.php?rest_route=\/wp\/v2\/pages"}],"about":[{"href":"http:\/\/digipaed.de\/cms\/index.php?rest_route=\/wp\/v2\/types\/page"}],"author":[{"embeddable":true,"href":"http:\/\/digipaed.de\/cms\/index.php?rest_route=\/wp\/v2\/users\/15"}],"replies":[{"embeddable":true,"href":"http:\/\/digipaed.de\/cms\/index.php?rest_route=%2Fwp%2Fv2%2Fcomments&post=44"}],"version-history":[{"count":0,"href":"http:\/\/digipaed.de\/cms\/index.php?rest_route=\/wp\/v2\/pages\/44\/revisions"}],"up":[{"embeddable":true,"href":"http:\/\/digipaed.de\/cms\/index.php?rest_route=\/wp\/v2\/pages\/5"}],"wp:attachment":[{"href":"http:\/\/digipaed.de\/cms\/index.php?rest_route=%2Fwp%2Fv2%2Fmedia&parent=44"}],"curies":[{"name":"wp","href":"https:\/\/api.w.org\/{rel}","templated":true}]}}