{"id":42,"date":"2006-09-15T21:40:36","date_gmt":"2006-09-15T19:40:36","guid":{"rendered":"http:\/\/digipaed.de\/cms\/?page_id=42"},"modified":"2020-04-19T13:03:44","modified_gmt":"2020-04-19T11:03:44","slug":"medienkonzepte","status":"publish","type":"page","link":"http:\/\/digipaed.de\/cms\/?page_id=42","title":{"rendered":"Medienkonzepte"},"content":{"rendered":"\t\t<div data-elementor-type=\"wp-page\" data-elementor-id=\"42\" class=\"elementor elementor-42\">\n\t\t\t\t\t\t<section class=\"elementor-section elementor-top-section elementor-element elementor-element-2e62f842 elementor-section-boxed elementor-section-height-default elementor-section-height-default\" data-id=\"2e62f842\" data-element_type=\"section\">\n\t\t\t\t\t\t<div class=\"elementor-container elementor-column-gap-default\">\n\t\t\t\t\t<div class=\"elementor-column elementor-col-100 elementor-top-column elementor-element elementor-element-47d2f2fb\" data-id=\"47d2f2fb\" data-element_type=\"column\">\n\t\t\t<div class=\"elementor-widget-wrap elementor-element-populated\">\n\t\t\t\t\t\t<div class=\"elementor-element elementor-element-19a925ec elementor-widget elementor-widget-text-editor\" data-id=\"19a925ec\" data-element_type=\"widget\" data-widget_type=\"text-editor.default\">\n\t\t\t\t<div class=\"elementor-widget-container\">\n\t\t\t\t\t\t\t<p>Medien haben in der Alltagswelt von Kindern und Jugendlichen eine hohe Bedeutung. In den vergangenen 20 Jahren ist dieser Einflu\u00df durch die sogenannten &#8222;neuen&#8220; digitalen Medien stetig gestiegen.<\/p>\n<p>Diese Entwicklung hat Folgen f\u00fcr die schulische und au\u00dferschulische Kinder- und Jugendarbeit. Tr\u00e4ger und Einrichtungen sehen sich mit erh\u00f6hten Anforderungen in Bezug auf Mediennutzung, Personal und technischer Ausstattung konfrontiert.<\/p>\n<p>Ob jugendspezifische Angebote oder Medieneinsatz im Unterricht: sinnhafte und erfolgreiche Mediennutzung bedarf einer konzeptionellen Grundlage. Wir unterst\u00fctzen Tr\u00e4ger und Einrichtungen bei der Entwicklung eines eigenen Medienkonzeptes. Hierbei werden insbesondere folgende Punkte behandelt:<\/p>\n<ul>\n<li>Zieldefinition<\/li>\n<li>Bedarfsevaluierung<\/li>\n<li>Angebotsentwicklung<\/li>\n<li>Einbindung in die Organisationsstruktur<\/li>\n<li>Personalentwicklung<\/li>\n<li>Ausstattung bzw. Ausstattungserg\u00e4nzung<\/li>\n<\/ul>\n<!-- wp:paragraph -->\n<p>\u00a0<\/p>\n<!-- \/wp:paragraph -->\t\t\t\t\t\t<\/div>\n\t\t\t\t<\/div>\n\t\t\t\t\t<\/div>\n\t\t<\/div>\n\t\t\t\t\t<\/div>\n\t\t<\/section>\n\t\t\t\t<section class=\"elementor-section elementor-top-section elementor-element elementor-element-85cad5a elementor-section-boxed elementor-section-height-default elementor-section-height-default\" data-id=\"85cad5a\" data-element_type=\"section\">\n\t\t\t\t\t\t<div class=\"elementor-container elementor-column-gap-default\">\n\t\t\t\t\t<div class=\"elementor-column elementor-col-100 elementor-top-column elementor-element elementor-element-8565269\" data-id=\"8565269\" data-element_type=\"column\">\n\t\t\t<div class=\"elementor-widget-wrap elementor-element-populated\">\n\t\t\t\t\t\t<div class=\"elementor-element elementor-element-fd2e81f elementor-widget elementor-widget-image\" data-id=\"fd2e81f\" data-element_type=\"widget\" data-widget_type=\"image.default\">\n\t\t\t\t<div class=\"elementor-widget-container\">\n\t\t\t\t\t\t\t\t\t\t\t\t\t<img fetchpriority=\"high\" decoding=\"async\" width=\"604\" height=\"303\" src=\"http:\/\/digipaed.de\/cms\/wp-content\/uploads\/2008\/03\/internetauftritt_unserer_schule.gif\" class=\"attachment-large size-large wp-image-145\" alt=\"\" srcset=\"http:\/\/digipaed.de\/cms\/wp-content\/uploads\/2008\/03\/internetauftritt_unserer_schule.gif 1127w, http:\/\/digipaed.de\/cms\/wp-content\/uploads\/2008\/03\/internetauftritt_unserer_schule-300x151.gif 300w\" sizes=\"(max-width: 604px) 100vw, 604px\" \/>\t\t\t\t\t\t\t\t\t\t\t\t\t<\/div>\n\t\t\t\t<\/div>\n\t\t\t\t\t<\/div>\n\t\t<\/div>\n\t\t\t\t\t<\/div>\n\t\t<\/section>\n\t\t\t\t<\/div>\n\t\t","protected":false},"excerpt":{"rendered":"<p>Medien haben in der Alltagswelt von Kindern und Jugendlichen eine hohe Bedeutung. In den vergangenen 20 Jahren ist dieser Einflu\u00df durch die sogenannten &#8222;neuen&#8220; digitalen Medien stetig gestiegen. Diese Entwicklung hat Folgen f\u00fcr die schulische und au\u00dferschulische Kinder- und Jugendarbeit. Tr\u00e4ger und Einrichtungen sehen sich mit erh\u00f6hten Anforderungen in Bezug auf Mediennutzung, Personal und technischer &hellip; <a href=\"http:\/\/digipaed.de\/cms\/?page_id=42\" class=\"more-link\"><span class=\"screen-reader-text\">Medienkonzepte<\/span> weiterlesen <span class=\"meta-nav\">&rarr;<\/span><\/a><\/p>\n","protected":false},"author":15,"featured_media":0,"parent":28,"menu_order":0,"comment_status":"closed","ping_status":"closed","template":"","meta":{"footnotes":""},"class_list":["post-42","page","type-page","status-publish","hentry"],"_links":{"self":[{"href":"http:\/\/digipaed.de\/cms\/index.php?rest_route=\/wp\/v2\/pages\/42"}],"collection":[{"href":"http:\/\/digipaed.de\/cms\/index.php?rest_route=\/wp\/v2\/pages"}],"about":[{"href":"http:\/\/digipaed.de\/cms\/index.php?rest_route=\/wp\/v2\/types\/page"}],"author":[{"embeddable":true,"href":"http:\/\/digipaed.de\/cms\/index.php?rest_route=\/wp\/v2\/users\/15"}],"replies":[{"embeddable":true,"href":"http:\/\/digipaed.de\/cms\/index.php?rest_route=%2Fwp%2Fv2%2Fcomments&post=42"}],"version-history":[{"count":6,"href":"http:\/\/digipaed.de\/cms\/index.php?rest_route=\/wp\/v2\/pages\/42\/revisions"}],"predecessor-version":[{"id":1634,"href":"http:\/\/digipaed.de\/cms\/index.php?rest_route=\/wp\/v2\/pages\/42\/revisions\/1634"}],"up":[{"embeddable":true,"href":"http:\/\/digipaed.de\/cms\/index.php?rest_route=\/wp\/v2\/pages\/28"}],"wp:attachment":[{"href":"http:\/\/digipaed.de\/cms\/index.php?rest_route=%2Fwp%2Fv2%2Fmedia&parent=42"}],"curies":[{"name":"wp","href":"https:\/\/api.w.org\/{rel}","templated":true}]}}