{"id":3,"date":"2005-10-11T17:22:51","date_gmt":"2005-10-11T15:22:51","guid":{"rendered":"http:\/\/digipaed.de\/cms\/?page_id=3"},"modified":"2018-06-22T12:06:27","modified_gmt":"2018-06-22T10:06:27","slug":"kontakt","status":"publish","type":"page","link":"http:\/\/digipaed.de\/cms\/?page_id=3","title":{"rendered":"Kontakt"},"content":{"rendered":"<p>Sie m\u00f6chten genauer \u00fcber das Angebot von digipaed multimedia workshops informiert werden?<\/p>\n<p>Sie haben eine wage Projektvorstellung oder eine konkrete Projektidee und suchen einen kompetenten Projektpartner f\u00fcr die konzeptionelle, technische und medienp\u00e4dagogische Umsetzung?<\/p>\n<p>Setzen Sie sich mit uns in Verbindung! Wir rufen Sie gerne auch zur\u00fcck. Nennen Sie uns einfach Ihren Wunschtermin f\u00fcr unseren Anruf.<\/p>\n<p>Allerdings sind wir h\u00e4ufiger unterwegs: Netzwerktreffen, Schulbesuche, Vortr\u00e4ge, Workshops und Fortbildungen&#8230; Bitte haben Sie Verst\u00e4ndnis daf\u00fcr, dass Sie uns manchmal nicht pers\u00f6nlich erreichen. Wir bem\u00fchen uns, Ihre Anfragen auf dem Anrufbeantworter oder Ihre E-Mail umgehend zu beantworten.<\/p>\n<p>Die abgesendeten Daten werden nur zum Zweck der Bearbeitung Ihres Anliegens verarbeitet. Weitere Informationen finden Sie in unserer Datenschutzerkl\u00e4rung <a href=\"http:\/\/digipaed.de\/cms\/?page_id=17\">Link zur Datenschutzerkl\u00e4rung<\/a><\/p>\n<div class=\"contactform\">\n<form action=\"http:\/\/digipaed.de\/cms\/?page_id=3\" method=\"post\" name=\"form\">\n<div class=\"contactleft\"><label for=\"wpcf_your_name\">Name: <\/label><\/div>\n<div class=\"contactright\"><input type=\"text\" name=\"wpcf_your_name\" id=\"wpcf_your_name\" size=\"30\" maxlength=\"50\" value=\"\" \/> (erforderlich)<\/div>\n<div class=\"contactleft\"><label for=\"wpcf_email\">E-Mail-Adresse:<\/label><\/div>\n<div class=\"contactright\"><input type=\"text\" name=\"wpcf_email\" id=\"wpcf_email\" size=\"30\" maxlength=\"50\" value=\"\" \/> (erforderlich)<\/div>\n<div class=\"contactleft\"><label for=\"wpcf_website\">Website:<\/label><\/div>\n<div class=\"contactright\"><input type=\"text\" name=\"wpcf_website\" id=\"wpcf_website\" size=\"30\" maxlength=\"100\" value=\"\" \/><\/div>\n<div class=\"contactleft\"><label for=\"message\">Nachricht: <\/label><\/div>\n<div class=\"contactright\"><textarea name=\"wpcf_msg\" id=\"wpcf_msg\" cols=\"35\" rows=\"8\" ><\/textarea><\/div>\n<div class=\"contactright\"><input type=\"submit\" name=\"Submit\" value=\"Senden\" \/><input type=\"hidden\" name=\"wpcf_stage\" value=\"process\" \/><\/div>\n<\/p><\/form>\n<\/p><\/div>\n<div style=\"clear:both; height:1px;\">&nbsp;<\/div>\n","protected":false},"excerpt":{"rendered":"<p>Sie m\u00f6chten genauer \u00fcber das Angebot von digipaed multimedia workshops informiert werden? Sie haben eine wage Projektvorstellung oder eine konkrete Projektidee und suchen einen kompetenten Projektpartner f\u00fcr die konzeptionelle, technische und medienp\u00e4dagogische Umsetzung? Setzen Sie sich mit uns in Verbindung! Wir rufen Sie gerne auch zur\u00fcck. Nennen Sie uns einfach Ihren Wunschtermin f\u00fcr unseren Anruf. &hellip; <a href=\"http:\/\/digipaed.de\/cms\/?page_id=3\" class=\"more-link\"><span class=\"screen-reader-text\">Kontakt<\/span> weiterlesen <span class=\"meta-nav\">&rarr;<\/span><\/a><\/p>\n","protected":false},"author":15,"featured_media":0,"parent":0,"menu_order":4,"comment_status":"closed","ping_status":"closed","template":"","meta":{"footnotes":""},"class_list":["post-3","page","type-page","status-publish","hentry"],"_links":{"self":[{"href":"http:\/\/digipaed.de\/cms\/index.php?rest_route=\/wp\/v2\/pages\/3"}],"collection":[{"href":"http:\/\/digipaed.de\/cms\/index.php?rest_route=\/wp\/v2\/pages"}],"about":[{"href":"http:\/\/digipaed.de\/cms\/index.php?rest_route=\/wp\/v2\/types\/page"}],"author":[{"embeddable":true,"href":"http:\/\/digipaed.de\/cms\/index.php?rest_route=\/wp\/v2\/users\/15"}],"replies":[{"embeddable":true,"href":"http:\/\/digipaed.de\/cms\/index.php?rest_route=%2Fwp%2Fv2%2Fcomments&post=3"}],"version-history":[{"count":6,"href":"http:\/\/digipaed.de\/cms\/index.php?rest_route=\/wp\/v2\/pages\/3\/revisions"}],"predecessor-version":[{"id":477,"href":"http:\/\/digipaed.de\/cms\/index.php?rest_route=\/wp\/v2\/pages\/3\/revisions\/477"}],"wp:attachment":[{"href":"http:\/\/digipaed.de\/cms\/index.php?rest_route=%2Fwp%2Fv2%2Fmedia&parent=3"}],"curies":[{"name":"wp","href":"https:\/\/api.w.org\/{rel}","templated":true}]}}