{"id":2,"date":"2005-10-11T17:21:42","date_gmt":"2005-10-11T15:21:42","guid":{"rendered":"http:\/\/digipaed.de\/cms\/?page_id=2"},"modified":"2020-04-19T13:02:41","modified_gmt":"2020-04-19T11:02:41","slug":"page1-2","status":"publish","type":"page","link":"http:\/\/digipaed.de\/cms\/?page_id=2","title":{"rendered":"Medienworkshops"},"content":{"rendered":"<p>Unsere Zielgruppe f\u00fcr medienp\u00e4dagogische Workshops sind in erster Linie Kinder und Jugendliche. Bei geeigneten Themen f\u00fchren wir generationen\u00fcbergreifende Workshops durch. Als Veranstaltungsform bevorzugen wir Workshops, in denen in Gruppenarbeit ein lebensweltbezogenes Thema kreativ bearbeitet wird. Die digitalen Medien dienen dabei in erster Linie als Werkzeuge f\u00fcr die Umsetzung eigener Ideen.<\/p>\n<p>Wir verf\u00fcgen \u00fcber eine mobile technische Ausstattung, die wir zu den Workshops mitbringen. Neben 12 Computerarbeitspl\u00e4tzen, auf denen geeignete Programme f\u00fcr die Durchf\u00fchrung der Projektarbeit installiert sind (z.B. Officeapplikationen, Bildbearbeitung, Web-Editoren, Browser, Video- und Audioschnittprogramme, etc.) geh\u00f6rt ein reichhaltiges Zubeh\u00f6r zur Ausstattung der mobilen Medienworkshops.<\/p>\n<p>Im Prinzip ben\u00f6tigen wir also nur ein ausreichend dimensionierten Stromanschluss; alles andere kann von uns mitgebracht werden. Der Einsatz eigener Technik ist ebenfalls m\u00f6glich.<\/p><p><\/p><p><img fetchpriority=\"high\" decoding=\"async\" width=\"604\" height=\"453\" src=\"http:\/\/digipaed.de\/cms\/wp-content\/uploads\/2020\/04\/6926263837_b1a74af2f0_b.jpg\" alt=\"\" srcset=\"http:\/\/digipaed.de\/cms\/wp-content\/uploads\/2020\/04\/6926263837_b1a74af2f0_b.jpg 1024w, http:\/\/digipaed.de\/cms\/wp-content\/uploads\/2020\/04\/6926263837_b1a74af2f0_b-300x225.jpg 300w, http:\/\/digipaed.de\/cms\/wp-content\/uploads\/2020\/04\/6926263837_b1a74af2f0_b-768x576.jpg 768w\" sizes=\"(max-width: 604px) 100vw, 604px\"><\/p>","protected":false},"excerpt":{"rendered":"<p>Unsere Zielgruppe f\u00fcr medienp\u00e4dagogische Workshops sind in erster Linie Kinder und Jugendliche. Bei geeigneten Themen f\u00fchren wir generationen\u00fcbergreifende Workshops durch. Als Veranstaltungsform bevorzugen wir Workshops, in denen in Gruppenarbeit ein lebensweltbezogenes Thema kreativ bearbeitet wird. Die digitalen Medien dienen dabei in erster Linie als Werkzeuge f\u00fcr die Umsetzung eigener Ideen. Wir verf\u00fcgen \u00fcber eine mobile &hellip; <a href=\"http:\/\/digipaed.de\/cms\/?page_id=2\" class=\"more-link\"><span class=\"screen-reader-text\">Medienworkshops<\/span> weiterlesen <span class=\"meta-nav\">&rarr;<\/span><\/a><\/p>\n","protected":false},"author":15,"featured_media":0,"parent":28,"menu_order":1,"comment_status":"closed","ping_status":"closed","template":"","meta":{"footnotes":""},"class_list":["post-2","page","type-page","status-publish","hentry"],"_links":{"self":[{"href":"http:\/\/digipaed.de\/cms\/index.php?rest_route=\/wp\/v2\/pages\/2"}],"collection":[{"href":"http:\/\/digipaed.de\/cms\/index.php?rest_route=\/wp\/v2\/pages"}],"about":[{"href":"http:\/\/digipaed.de\/cms\/index.php?rest_route=\/wp\/v2\/types\/page"}],"author":[{"embeddable":true,"href":"http:\/\/digipaed.de\/cms\/index.php?rest_route=\/wp\/v2\/users\/15"}],"replies":[{"embeddable":true,"href":"http:\/\/digipaed.de\/cms\/index.php?rest_route=%2Fwp%2Fv2%2Fcomments&post=2"}],"version-history":[{"count":4,"href":"http:\/\/digipaed.de\/cms\/index.php?rest_route=\/wp\/v2\/pages\/2\/revisions"}],"predecessor-version":[{"id":1631,"href":"http:\/\/digipaed.de\/cms\/index.php?rest_route=\/wp\/v2\/pages\/2\/revisions\/1631"}],"up":[{"embeddable":true,"href":"http:\/\/digipaed.de\/cms\/index.php?rest_route=\/wp\/v2\/pages\/28"}],"wp:attachment":[{"href":"http:\/\/digipaed.de\/cms\/index.php?rest_route=%2Fwp%2Fv2%2Fmedia&parent=2"}],"curies":[{"name":"wp","href":"https:\/\/api.w.org\/{rel}","templated":true}]}}